{"id":8,"date":"2019-04-22T11:48:52","date_gmt":"2019-04-22T11:48:52","guid":{"rendered":"http:\/\/www.wellma.cz\/?page_id=8"},"modified":"2025-06-14T10:24:56","modified_gmt":"2025-06-14T10:24:56","slug":"o-nas","status":"publish","type":"page","link":"https:\/\/www.wellma.cz\/?page_id=8","title":{"rendered":"FINSK\u00c1 a AROMA SAUNA"},"content":{"rendered":"<div id=\"pl-8\" class=\"panel-layout\">\r\n<div id=\"pg-8-0\" class=\"panel-grid panel-no-style\" data-style=\"{&quot;background_image_attachment&quot;:false,&quot;background_display&quot;:&quot;tile&quot;,&quot;cell_alignment&quot;:&quot;flex-start&quot;}\">\r\n<div id=\"pgc-8-0-0\" class=\"panel-grid-cell\" data-weight=\"1\">\r\n<div id=\"panel-8-0-0-0\" class=\"so-panel widget widget_sow-editor panel-first-child panel-last-child\" data-index=\"0\" data-style=\"{&quot;background_image_attachment&quot;:false,&quot;background_display&quot;:&quot;tile&quot;}\">\r\n<div class=\"so-widget-sow-editor so-widget-sow-editor-base\">\r\n<div class=\"siteorigin-widget-tinymce textwidget\">\r\n<h1 style=\"text-align: center;\"><span style=\"font-family: georgia, palatino, serif; font-size: 24pt; color: #844a37;\"><br \/>FINSK\u00c1 SAUNA<\/span><\/h1>\r\n<p><span style=\"font-family: georgia, palatino, serif;\"><!-- \/wp:post-content --><\/span><\/p>\r\n<p><!-- wp:paragraph {\"align\":\"center\",\"fontSize\":\"medium\"} --><\/p>\r\n<p class=\"has-medium-font-size\" style=\"text-align: center;\"><span style=\"font-size: 14pt;\"><span style=\"font-family: georgia, palatino, serif;\">Finsk\u00e1 sauna p\u016fsob\u00ed blahod\u00e1rn\u011b na zdrav\u00ed \u010dlov\u011bka, posiluje imunitn\u00ed<br \/>a kardiovaskul\u00e1rn\u00ed syst\u00e9m, <\/span><span style=\"font-family: georgia, palatino, serif;\">pom\u00e1h\u00e1 nastartovat spalov\u00e1n\u00ed tuk\u016f<br \/>a zbavit se \u0161kodliv\u00fdch l\u00e1tek v t\u011ble.<br \/><strong>Teplota v saun\u011b dosahuje 80\u201385 \u00b0C,<br \/>na va\u0161e p\u0159\u00e1n\u00ed v\u00e1m m\u016f\u017eeme saunu vyh\u0159\u00e1t a\u017e na 100 \u00b0C.<br \/><\/strong><\/span><span style=\"font-family: georgia, palatino, serif;\"><strong>Vlhkost je okolo 30 % RH.<\/strong><br \/>Po saunov\u00e1n\u00ed je d\u016fle\u017eit\u00e9 ochlazen\u00ed t\u011bla, co\u017e je u n\u00e1s zaji\u0161t\u011bno ochlazovac\u00ed <\/span><span style=\"font-family: georgia, palatino, serif;\">sprchou <br \/><\/span><\/span><span style=\"font-size: 14pt;\"><span style=\"font-family: georgia, palatino, serif;\">a v\u011bdrem se studenou vodou.<br \/><strong>Na\u0161e finsk\u00e1 sauna je max. pro 2 osoby.<\/strong><\/span><\/span><\/p>\r\n<p><a href=\"http:\/\/www.wellma.cz\/wp-content\/uploads\/2019\/09\/07.jpg\"><img loading=\"lazy\" decoding=\"async\" class=\"aligncenter wp-image-640 \" src=\"http:\/\/www.wellma.cz\/wp-content\/uploads\/2019\/09\/07-300x225.jpg\" alt=\"\" width=\"361\" height=\"271\" srcset=\"https:\/\/www.wellma.cz\/wp-content\/uploads\/2019\/09\/07-300x225.jpg 300w, https:\/\/www.wellma.cz\/wp-content\/uploads\/2019\/09\/07-150x113.jpg 150w, https:\/\/www.wellma.cz\/wp-content\/uploads\/2019\/09\/07-768x576.jpg 768w, https:\/\/www.wellma.cz\/wp-content\/uploads\/2019\/09\/07-1024x768.jpg 1024w\" sizes=\"auto, (max-width: 361px) 100vw, 361px\" \/><\/a><\/p>\r\n<p><span style=\"font-family: georgia, palatino, serif;\"><!-- \/wp:paragraph --><\/span><\/p>\r\n<p><!-- wp:heading {\"level\":5,\"align\":\"center\"} --><\/p>\r\n<h5 style=\"text-align: center;\"><span style=\"font-family: georgia, palatino, serif; color: #844a37;\"><span style=\"font-size: 10pt;\">KONTRAINDIKACE<\/span><br \/><br \/><\/span><\/h5>\r\n<p style=\"text-align: center;\"><span style=\"font-size: 14pt;\"><span style=\"font-family: georgia, palatino, serif;\">Nevhodn\u00e1 pro osoby, kter\u00e9 nesn\u00e1\u0161\u00ed vysok\u00e9 teploty, pro ty, kte\u0159\u00ed maj\u00ed<br \/>nezhojen\u00e9 r\u00e1ny \u010di akutn\u00ed z\u00e1n\u011btliv\u00e1 <\/span><span style=\"font-family: georgia, palatino, serif;\">onemocn\u011bn\u00ed. <br \/>D\u00e1le se nedoporu\u010duje pro pacienty s malign\u00edm onemocn\u011bn\u00edm, <br \/>s epilepsi\u00ed, vysok\u00fdm krevn\u00edm <\/span><span style=\"font-family: georgia, palatino, serif;\">tlakem a v prvn\u00edm trimestru t\u011bhotenstv\u00ed.<br \/>A samoz\u0159ejm\u011b je zcela nevhodn\u00e1 p\u0159i hore\u010dnat\u00e9m onemocn\u011bn\u00ed.<\/span><\/span><\/p>\r\n<p><a href=\"http:\/\/www.wellma.cz\/wp-content\/uploads\/2019\/09\/06-finska.jpg\"><img loading=\"lazy\" decoding=\"async\" class=\"aligncenter wp-image-639 \" src=\"http:\/\/www.wellma.cz\/wp-content\/uploads\/2019\/09\/06-finska-300x225.jpg\" alt=\"\" width=\"379\" height=\"284\" srcset=\"https:\/\/www.wellma.cz\/wp-content\/uploads\/2019\/09\/06-finska-300x225.jpg 300w, https:\/\/www.wellma.cz\/wp-content\/uploads\/2019\/09\/06-finska-150x113.jpg 150w, https:\/\/www.wellma.cz\/wp-content\/uploads\/2019\/09\/06-finska-768x576.jpg 768w, https:\/\/www.wellma.cz\/wp-content\/uploads\/2019\/09\/06-finska-1024x768.jpg 1024w\" sizes=\"auto, (max-width: 379px) 100vw, 379px\" \/><\/a><\/p>\r\n<p style=\"text-align: center;\"><span style=\"font-family: georgia, palatino, serif;\">M\u00e1te li chu\u0165, m\u016f\u017eete si nav\u00fd\u0161it p\u00e1ru jemn\u00fdm pol\u00e9v\u00e1n\u00edm l\u00e1vov\u00fdch kamen\u016f <br \/>vodou z kbel\u00edku.<\/span><\/p>\r\n<p><span style=\"font-family: georgia, palatino, serif;\"><!-- \/wp:heading --><\/span><\/p>\r\n<p><!-- wp:paragraph {\"align\":\"center\",\"fontSize\":\"medium\"} --><\/p>\r\n<p><span style=\"font-family: georgia, palatino, serif;\"><!-- \/wp:paragraph --><\/span><\/p>\r\n<p><!-- wp:heading {\"align\":\"center\"} --><\/p>\r\n<h2 style=\"text-align: center;\"><span style=\"font-family: georgia, palatino, serif; font-size: 24pt; color: #844a37;\">AROMA SAUNA<\/span><\/h2>\r\n<p><span style=\"font-family: georgia, palatino, serif;\"><!-- \/wp:heading --><\/span><\/p>\r\n<p><!-- wp:paragraph {\"align\":\"center\",\"fontSize\":\"medium\"} --><\/p>\r\n<p class=\"has-medium-font-size\" style=\"text-align: center;\"><span style=\"font-family: georgia, palatino, serif; font-size: 14pt;\">Aroma sauna je vhodn\u00e1 zejm\u00e9na pro ty, kte\u0159\u00ed nemaj\u00ed r\u00e1di such\u00fd vzduch a vysokou teplotu finsk\u00e9 sauny.<\/span><br \/><span style=\"font-size: 14pt;\"><span style=\"font-family: georgia, palatino, serif;\"><strong>Teplota v saun\u011b je okolo 45\u201350 \u00b0C, <br \/>vlhkost vzduchu 40-60 % RH.<\/strong><br \/>Bio sauna p\u0159\u00edzniv\u011b p\u016fsob\u00ed na d\u00fdchac\u00ed <\/span><span style=\"font-family: georgia, palatino, serif;\">soustavu, prosp\u00edv\u00e1 poko\u017ece <br \/>i vlas\u016fm. <\/span><span style=\"font-family: georgia, palatino, serif;\">O nev\u0161edn\u00ed z\u00e1\u017eitek se postaraj\u00ed vonn\u00e9 esence.<\/span><span style=\"font-family: georgia, palatino, serif;\">\u00a0<br \/>Aromaterapie m\u00e1 v\u00fdrazn\u00fd pozitivn\u00ed <\/span><span style=\"font-family: georgia, palatino, serif;\">vliv na \u010dlov\u011bka, zejm\u00e9na na jeho mysl.<br \/><strong>Na\u0161e aroma sauna je pro 4 osoby.<\/strong><\/span><\/span><\/p>\r\n<p><span style=\"font-family: georgia, palatino, serif;\"><!-- \/wp:paragraph --><\/span><\/p>\r\n<p><!-- wp:heading {\"level\":5,\"align\":\"center\"} --><\/p>\r\n<h5 style=\"text-align: center;\"><span style=\"font-family: georgia, palatino, serif; color: #844a37;\">KONTRAINDIKACE<\/span><\/h5>\r\n<p><span style=\"font-family: georgia, palatino, serif;\"><!-- \/wp:heading --><\/span><\/p>\r\n<p><!-- wp:paragraph {\"align\":\"center\",\"fontSize\":\"medium\"} --><\/p>\r\n<p class=\"has-medium-font-size\" style=\"text-align: center;\"><span style=\"font-size: 14pt;\"><span style=\"font-family: georgia, palatino, serif;\">Nedoporu\u010duje se lidem s poruchami srde\u010dn\u00edho rytmu, l\u00e9\u010den\u00fdm vysok\u00fdm krevn\u00edm tlakem, <br \/><\/span><\/span><span style=\"font-size: 14pt;\"><span style=\"font-family: georgia, palatino, serif;\">p\u0159i <\/span><span style=\"font-family: georgia, palatino, serif;\">pr\u016fdu\u0161kov\u00fdch probl\u00e9mech, akutn\u00edch pl\u00eds\u0148ov\u00fdch onemocn\u011bn\u00edch a p\u0159i hore\u010dnat\u00fdch onemocn\u011bn\u00edch.<\/span><\/span><\/p>\r\n<p style=\"text-align: center;\"><a href=\"http:\/\/www.wellma.cz\/wp-content\/uploads\/2024\/05\/02-new-scaled.jpg\"><img loading=\"lazy\" decoding=\"async\" class=\"alignnone wp-image-1318\" src=\"http:\/\/www.wellma.cz\/wp-content\/uploads\/2024\/05\/02-new-300x225.jpg\" alt=\"\" width=\"419\" height=\"314\" srcset=\"https:\/\/www.wellma.cz\/wp-content\/uploads\/2024\/05\/02-new-300x225.jpg 300w, https:\/\/www.wellma.cz\/wp-content\/uploads\/2024\/05\/02-new-1024x768.jpg 1024w, https:\/\/www.wellma.cz\/wp-content\/uploads\/2024\/05\/02-new-150x113.jpg 150w, https:\/\/www.wellma.cz\/wp-content\/uploads\/2024\/05\/02-new-768x576.jpg 768w, https:\/\/www.wellma.cz\/wp-content\/uploads\/2024\/05\/02-new-1536x1152.jpg 1536w, https:\/\/www.wellma.cz\/wp-content\/uploads\/2024\/05\/02-new-2048x1536.jpg 2048w\" sizes=\"auto, (max-width: 419px) 100vw, 419px\" \/><\/a><\/p>\r\n<p><!-- \/wp:paragraph --><\/p>\r\n<\/div>\r\n<\/div>\r\n<\/div>\r\n<\/div>\r\n<\/div>\r\n<\/div>","protected":false},"excerpt":{"rendered":"<p>FINSK\u00c1 SAUNA Finsk\u00e1 sauna p\u016fsob\u00ed blahod\u00e1rn\u011b na zdrav\u00ed \u010dlov\u011bka, posiluje imunitn\u00eda kardiovaskul\u00e1rn\u00ed syst\u00e9m, pom\u00e1h\u00e1 nastartovat spalov\u00e1n\u00ed tuk\u016fa zbavit se \u0161kodliv\u00fdch l\u00e1tek v t\u011ble.Teplota v saun\u011b dosahuje 80\u201385 \u00b0C,na va\u0161e p\u0159\u00e1n\u00ed v\u00e1m m\u016f\u017eeme saunu vyh\u0159\u00e1t a\u017e na 100 \u00b0C.Vlhkost je okolo 30 % RH.Po saunov\u00e1n\u00ed je d\u016fle\u017eit\u00e9 ochlazen\u00ed t\u011bla, co\u017e je u n\u00e1s zaji\u0161t\u011bno ochlazovac\u00ed sprchou &hellip; <\/p>\n<p class=\"link-more\"><a href=\"https:\/\/www.wellma.cz\/?page_id=8\" class=\"more-link\">Pokra\u010dovat ve \u010dten\u00ed<span class=\"screen-reader-text\"> &#8222;FINSK\u00c1 a AROMA SAUNA&#8220;<\/span><\/a><\/p>\n","protected":false},"author":1,"featured_media":0,"parent":0,"menu_order":0,"comment_status":"closed","ping_status":"closed","template":"bt-no-sidebar-boxed.php","meta":{"footnotes":""},"class_list":["post-8","page","type-page","status-publish","hentry"],"_links":{"self":[{"href":"https:\/\/www.wellma.cz\/index.php?rest_route=\/wp\/v2\/pages\/8","targetHints":{"allow":["GET"]}}],"collection":[{"href":"https:\/\/www.wellma.cz\/index.php?rest_route=\/wp\/v2\/pages"}],"about":[{"href":"https:\/\/www.wellma.cz\/index.php?rest_route=\/wp\/v2\/types\/page"}],"author":[{"embeddable":true,"href":"https:\/\/www.wellma.cz\/index.php?rest_route=\/wp\/v2\/users\/1"}],"replies":[{"embeddable":true,"href":"https:\/\/www.wellma.cz\/index.php?rest_route=%2Fwp%2Fv2%2Fcomments&post=8"}],"version-history":[{"count":59,"href":"https:\/\/www.wellma.cz\/index.php?rest_route=\/wp\/v2\/pages\/8\/revisions"}],"predecessor-version":[{"id":1403,"href":"https:\/\/www.wellma.cz\/index.php?rest_route=\/wp\/v2\/pages\/8\/revisions\/1403"}],"wp:attachment":[{"href":"https:\/\/www.wellma.cz\/index.php?rest_route=%2Fwp%2Fv2%2Fmedia&parent=8"}],"curies":[{"name":"wp","href":"https:\/\/api.w.org\/{rel}","templated":true}]}}