{"id":112,"date":"2019-04-26T16:52:57","date_gmt":"2019-04-26T16:52:57","guid":{"rendered":"http:\/\/www.wellma.cz\/?page_id=112"},"modified":"2019-09-27T10:33:42","modified_gmt":"2019-09-27T10:33:42","slug":"navstevni-rad","status":"publish","type":"page","link":"https:\/\/www.wellma.cz\/?page_id=112","title":{"rendered":"N\u00c1V\u0160T\u011aVN\u00cd \u0158\u00c1D"},"content":{"rendered":"\r\n<h1 class=\"wp-block-heading\" style=\"text-align: center;\"><span style=\"font-size: 24pt; font-family: georgia, palatino, serif; color: #844a37;\"><br \/>N\u00c1V\u0160T\u011aVN\u00cd \u0158\u00c1D<br \/><\/span><span style=\"font-family: georgia, palatino, serif; font-size: 14pt;\">wellness centra \u2013 WELLMA spa s.r.o.<\/span><\/h1>\r\n\r\n\r\n\r\n<p style=\"text-align: center;\"><span style=\"font-family: georgia, palatino, serif; font-size: 14pt;\">Tento n\u00e1v\u0161t\u011bvn\u00ed \u0159\u00e1d slou\u017e\u00ed k dodr\u017eov\u00e1n\u00ed platn\u00fdch p\u0159edpis\u016f, ochran\u011b zdrav\u00ed a bezpe\u010dnosti <br \/>n\u00e1v\u0161t\u011bvn\u00edk\u016f WELLNESS CENTRA a mus\u00ed b\u00fdt n\u00e1v\u0161t\u011bvn\u00edky bezpodm\u00edne\u010dn\u011b dodr\u017eov\u00e1n.<\/span><\/p>\r\n<p style=\"text-align: center;\"><span style=\"font-family: georgia, palatino, serif; font-size: 14pt;\">Vstup do wellness je ur\u010den v\u00fdhradn\u011b za \u00fa\u010delem relaxace.\u00a0 <br \/><\/span><span style=\"font-family: georgia, palatino, serif; font-size: 14pt;\"><strong>Maxim\u00e1ln\u011b pro 4 osoby sou\u010dasn\u011b<\/strong>.<\/span><\/p>\r\n<p style=\"text-align: center;\"><span style=\"font-family: georgia, palatino, serif; font-size: 14pt;\"><strong>N\u00e1v\u0161t\u011bvn\u00edk m\u00e1 umo\u017en\u011bn vstup<\/strong> do WELLNESS CENTRA v\u00a0provozn\u00ed dob\u011b dle objedn\u00e1vky. <br \/>Vstupem do WELLNESS se podrobuje n\u00e1v\u0161t\u011bvn\u00edmu \u0159\u00e1du WELLNESS CENTRA a pokyn\u016fm zodpov\u011bdn\u00fdch pracovn\u00edk\u016f.<\/span><\/p>\r\n<p style=\"text-align: center;\"><span style=\"font-family: georgia, palatino, serif; font-size: 14pt;\"><strong>V prostor\u00e1ch<\/strong> <strong>wellness<\/strong> centra je ka\u017ed\u00fd n\u00e1v\u0161t\u011bvn\u00edk povinen se chovat tak, <br \/>aby sv\u00fdm chov\u00e1n\u00edm neohrozil bezpe\u010dnost ani zdrav\u00ed sv\u00e9 nebo ostatn\u00edch n\u00e1v\u0161t\u011bvn\u00edk\u016f. <br \/><strong>P\u0159ed vstupem<\/strong> <strong>do wellness<\/strong> centra si n\u00e1v\u0161t\u011bvn\u00edk vyzvedne \u010dist\u00e9 pr\u00e1dlo \u2013 ru\u010dn\u00edk a prost\u011bradlo <br \/>(p\u0159\u00edpadn\u011b \u017eupan \u010di p\u0159ez\u016fvky za p\u0159\u00edplatek).<\/span><\/p>\r\n<p>&nbsp;<\/p>\r\n<p style=\"text-align: center;\"><span style=\"text-decoration: underline;\"><span style=\"font-family: georgia, palatino, serif; font-size: 14pt;\"><strong><span style=\"color: #844a37; text-decoration: underline;\">V\u0161echny \u00fakony po p\u0159\u00edchodu do wellness se prov\u00e1d\u00ed v n\u00e1sleduj\u00edc\u00edm po\u0159ad\u00ed:<\/span><\/strong><\/span><\/span><\/p>\r\n<p style=\"text-align: center;\"><span style=\"font-family: georgia, palatino, serif; font-size: 14pt;\">1. Sezn\u00e1men\u00ed se s n\u00e1v\u0161t\u011bvn\u00edm \u0159\u00e1dem a vyzvednut\u00ed si na recepci (nebo nachystan\u00e9 p\u0159\u00edmo ve wellness) <br \/>\u010dist\u00e9 pr\u00e1dlo ur\u010den\u00e9 do wellness.<\/span><\/p>\r\n<p style=\"text-align: center;\"><span style=\"font-family: georgia, palatino, serif; font-size: 14pt;\">2. Vstup do \u0161aten je ji\u017e \u010dist\u00e1 z\u00f3na, proto pros\u00edme o vyzut\u00ed obuvi p\u0159ed \u0161atnami <br \/>a jej\u00ed odlo\u017een\u00ed i se svrchn\u00edky p\u0159ed recepc\u00ed.<\/span><\/p>\r\n<p style=\"text-align: center;\"><span style=\"font-family: georgia, palatino, serif; font-size: 14pt;\">3. Odlo\u017een\u00ed od\u011bv\u016f v \u0161atn\u00e1ch. P\u0159ed vstupem do sauny odlo\u017ete rovn\u011b\u017e br\u00fdle, \u0161perky, koupac\u00ed \u010depice, obuv, apod.<\/span><\/p>\r\n<p style=\"text-align: center;\"><span style=\"font-family: georgia, palatino, serif; font-size: 14pt;\">4. Prov\u00e9st \u0159\u00e1dn\u00e9 omyt\u00ed cel\u00e9ho t\u011bla m\u00fddlem a \u0159\u00e1dn\u00e9 opl\u00e1chnut\u00ed myc\u00edho p\u0159\u00edpravku \u010distou vodou <br \/>a a\u017e pot\u00e9 se n\u00e1v\u0161t\u011bvn\u00edk zabal\u00ed do prost\u011bradla \u010di \u017eupanu a postupuje d\u00e1le do wellness.<\/span><\/p>\r\n<p style=\"text-align: center;\"><span style=\"font-family: georgia, palatino, serif; font-size: 14pt;\"><u><strong>5. Do sauny plat\u00ed p\u0159\u00edsn\u00fd z\u00e1kaz vstupu v plavk\u00e1ch.<\/strong> <br \/>Do sauny se vstupuje s \u010distou saunovou plachtou (prost\u011bradlem), kterou si n\u00e1v\u0161t\u011bvn\u00edk <br \/>podlo\u017e\u00ed cel\u00e9 t\u011blo a usedne, nebo ulehne na zvolenou pry\u010dnu. <br \/><\/u><\/span><span style=\"font-family: georgia, palatino, serif; font-size: 14pt;\">Vyu\u017eit\u00ed v\u00ed\u0159ivky je mo\u017en\u00e9 i v\u00a0plavk\u00e1ch. Pou\u017eit\u00ed plavek ve v\u00ed\u0159ivce je na zv\u00e1\u017een\u00ed ka\u017ed\u00e9ho n\u00e1v\u0161t\u011bvn\u00edka. <\/span><\/p>\r\n<p style=\"text-align: center;\"><span style=\"font-family: georgia, palatino, serif; font-size: 14pt;\">6. Pou\u017eit\u00ed wellness za\u0159\u00edzen\u00ed je dle libosti n\u00e1v\u0161t\u011bvn\u00edka a objednan\u00e9 doby. <br \/><strong>Doporu\u010dujeme ov\u0161em dodr\u017eovat doporu\u010den\u00e1 pravidla, zejm\u00e9na pro saunov\u00e1n\u00ed.<\/strong><\/span><\/p>\r\n<p>&nbsp;<\/p>\r\n<p style=\"text-align: center;\"><span style=\"font-family: georgia, palatino, serif; font-size: 14pt; color: #844a37;\"><strong><u>Z\u00e1kaz vstupu do WELLNESS <\/u><\/strong><strong><u>CENTRA<\/u><\/strong><\/span><\/p>\r\n<p style=\"text-align: center;\"><span style=\"font-family: georgia, palatino, serif; font-size: 14pt;\">Osob\u00e1m posti\u017een\u00fdm hore\u010dkou, z\u00e1n\u011btem o\u010dn\u00edch spojivek, ko\u017en\u00edmi nebo p\u0159enosn\u00fdmi nemocemi, <br \/>parazity, vyr\u00e1\u017ekami a nemocemi prov\u00e1zen\u00fdmi v\u00fdtokem.<br \/><\/span><span style=\"font-family: georgia, palatino, serif; font-size: 14pt;\">Osob\u00e1m nach\u00e1zej\u00edc\u00edm se v karant\u00e9n\u011b pro v\u00fdskyt infekce, \u010dlen\u016fm rodiny nebo p\u0159\u00edslu\u0161n\u00edk\u016fm dom\u00e1cnosti, <br \/>v nich\u017e se vyskytla p\u0159enosn\u00e1 nemoc a nemocn\u00fd nen\u00ed izolov\u00e1n.<br \/><\/span><span style=\"font-family: georgia, palatino, serif; font-size: 14pt;\">Osob\u00e1m opil\u00fdm nebo pod vlivem omamn\u00fdch l\u00e1tek.<br \/><\/span><span style=\"font-family: georgia, palatino, serif; font-size: 14pt;\">Zv\u00ed\u0159at\u016fm.<\/span><\/p>\r\n<p>&nbsp;<\/p>\r\n<p style=\"text-align: center;\"><span style=\"font-family: georgia, palatino, serif; font-size: 14pt; color: #844a37;\"><strong><u>Povinnosti n\u00e1v\u0161t\u011bvn\u00edk\u016f<\/u><\/strong><\/span><\/p>\r\n<p style=\"text-align: center;\"><span style=\"font-family: georgia, palatino, serif; font-size: 14pt;\"><strong>P\u0159ed ka\u017ed\u00fdm vstupem do v\u00ed\u0159ivky jsou n\u00e1v\u0161t\u011bvn\u00edci povinni se \u0159\u00e1dn\u011b osprchovat. <br \/>V\u017edy d\u016fkladn\u011b um\u00fdt ve\u0161ker\u00e9 kosmetick\u00e9 p\u0159\u00edpravky a dodr\u017eovat osobn\u00ed hygienu.<\/strong><\/span><\/p>\r\n<p style=\"text-align: center;\"><span style=\"font-family: georgia, palatino, serif; font-size: 14pt;\">V\u017edy po v\u00fdchodu ze sauny je n\u00e1v\u0161t\u011bvn\u00edk povinen pou\u017e\u00edt sprchu, nebo ochlazovac\u00ed v\u011bdro. <br \/>Upozor\u0148ujeme n\u00e1v\u0161t\u011bvn\u00edky, \u017ee v\u00ed\u0159ivka nen\u00ed baz\u00e9n ochlazovac\u00ed, proto <strong>nikdy nevstupujte do baz\u00e9nov\u00e9 vody <br \/>bez dostate\u010dn\u00e9ho osprchov\u00e1n\u00ed t\u011bla za pou\u017eit\u00ed m\u00fddla<\/strong> <br \/>a kr\u00e1tk\u00e9ho odpo\u010dinku na leh\u00e1tku.<\/span><\/p>\r\n<p style=\"text-align: center;\"><span style=\"font-family: georgia, palatino, serif; font-size: 14pt;\">N\u00e1v\u0161t\u011bvn\u00edci jsou povinni dodr\u017eovat provozn\u00ed dobu.<\/span><\/p>\r\n<p style=\"text-align: center;\"><span style=\"font-family: georgia, palatino, serif; font-size: 14pt;\">Do wellness maj\u00ed vstup povolen pouze osoby star\u0161\u00ed 3 let.<\/span><\/p>\r\n<p style=\"text-align: center;\"><span style=\"font-family: georgia, palatino, serif; font-size: 14pt;\">Osob\u00e1m mlad\u0161\u00edm 15 let je p\u0159\u00edstup do cel\u00e9ho wellness povolen v doprovodu dosp\u011bl\u00e9 osoby. <br \/>Doprovod je po celou dobu pobytu za tuto osobu zodpov\u011bdn\u00fd.<\/span><\/p>\r\n<p style=\"text-align: center;\"><span style=\"font-family: georgia, palatino, serif; font-size: 14pt;\">Pozdn\u00edm p\u0159\u00edchodem se doba pobytu zkracuje. <br \/>Objednavatel uhrad\u00ed provozovateli u\u0161lou tr\u017ebu,\u00a0pokud se nedostav\u00ed v p\u0159edem rezervovanou dobu.<\/span><\/p>\r\n<p style=\"text-align: center;\"><span style=\"font-family: georgia, palatino, serif; font-size: 14pt;\">Zachov\u00e1vat \u010distotu v\u0161ech m\u00edst wellness a p\u0159i sv\u00e9m jedn\u00e1n\u00ed db\u00e1t<br \/>bezpe\u010dnosti vlastn\u00ed i ostatn\u00edch.<\/span><\/p>\r\n<p style=\"text-align: center;\"><span style=\"font-family: georgia, palatino, serif; font-size: 14pt;\">P\u0159edm\u011bty nalezen\u00e9 v prostor\u00e1ch wellness centra je n\u00e1lezce povinen<br \/>odevzdat pracovn\u00edkovi wellness.<\/span><\/p>\r\n<p style=\"text-align: center;\"><span style=\"font-family: georgia, palatino, serif; font-size: 14pt;\">N\u00e1v\u0161t\u011bvn\u00edci jsou povinni \u0161et\u0159it za\u0159\u00edzen\u00ed a uhradit \u0161kody nebo ztr\u00e1ty, kter\u00e9 byly jejich vinou <br \/>zp\u016fsobeny na za\u0159\u00edzen\u00ed provozovatele nebo na majetku ostatn\u00edch osob.<\/span><\/p>\r\n<p style=\"text-align: center;\"><span style=\"font-family: georgia, palatino, serif; font-size: 14pt;\">N\u00e1v\u0161t\u011bvn\u00edk je povinen opustit provoz wellness centra a j\u00edt do \u0161atny<br \/>tak, aby byl p\u0159ipraven opustit prostory wellness p\u0159ed ukon\u010den\u00edm doby<br \/>pron\u00e1jmu a to v\u010detn\u011b p\u0159evl\u00e9k\u00e1n\u00ed, vysou\u0161en\u00ed vlas\u016f a podobn\u011b.<\/span><\/p>\r\n<p style=\"text-align: center;\"><span style=\"font-family: georgia, palatino, serif; font-size: 14pt;\">Pro poskytnut\u00ed prvn\u00ed pomoci lze p\u0159ivolat pracovn\u00edka wellness, kter\u00fd dle pot\u0159eby p\u0159ivol\u00e1 l\u00e9ka\u0159skou pomoc. <br \/><strong>P\u0159i jak\u00e9mkoli n\u00e1znaku nevolnosti opus\u0165te proh\u0159\u00edv\u00e1rnu, b\u011b\u017ete se zchladit a odpo\u010dinout si.<\/strong><\/span><\/p>\r\n<p style=\"text-align: center;\"><span style=\"font-family: georgia, palatino, serif; font-size: 14pt;\">P\u0159ipom\u00ednky, t\u00fdkaj\u00edc\u00ed se provozu nebo zam\u011bstnanc\u016f, mohou n\u00e1v\u0161t\u011bvn\u00edci uplat\u0148ovat na recepci.<\/span><\/p>\r\n<p style=\"text-align: center;\"><span style=\"font-family: georgia, palatino, serif; font-size: 14pt;\">N\u00e1v\u0161t\u011bvn\u00edci se na mokr\u00fdch podlah\u00e1ch mus\u00ed pohybovat opatrn\u011b, aby ve vlastn\u00edm z\u00e1jmu p\u0159ede\u0161li \u00faraz\u016fm. <br \/>Provozovatel \u2013 WELLMA spa s.r.o. nenese odpov\u011bdnost za \u0161kody a\u00a0\u00farazy, kter\u00e9 si n\u00e1v\u0161t\u011bvn\u00edci <br \/>zp\u016fsob\u00ed vlastn\u00ed neopatrnost\u00ed nebo evidentn\u00edm nedodr\u017eov\u00e1n\u00edm pokyn\u016f.<\/span><\/p>\r\n<p style=\"text-align: center;\"><span style=\"font-family: georgia, palatino, serif; font-size: 14pt;\">Ka\u017ed\u00fd n\u00e1v\u0161t\u011bvn\u00edk je povinen pou\u017e\u00edvat ve\u0161ker\u00e9 vybaven\u00ed wellness \u0161etrn\u011b a bezpe\u010dn\u011b.<\/span><\/p>\r\n<p style=\"text-align: center;\"><span style=\"font-family: georgia, palatino, serif; font-size: 14pt;\">V p\u0159\u00edpad\u011b, \u017ee dojde ze strany z\u00e1kazn\u00edka k jak\u00e9mukoliv po\u0161kozen\u00ed na za\u0159\u00edzen\u00ed wellness, <br \/><\/span><span style=\"font-family: georgia, palatino, serif; font-size: 14pt;\">je povinen vzniklou \u0161kodu ohl\u00e1sit a uhradit.<\/span><\/p>\r\n<p style=\"text-align: center;\"><span style=\"font-family: georgia, palatino, serif; font-size: 14pt;\"><strong>P\u0159i poru\u0161en\u00ed provozn\u00edho \u0159\u00e1du nen\u00ed odvol\u00e1n\u00ed<\/strong><\/span><\/p>\r\n<p>&nbsp;<\/p>\r\n<p style=\"text-align: center;\"><span style=\"font-family: georgia, palatino, serif; font-size: 14pt; color: #844a37;\"><strong><u>Zak\u00e1zan\u00e9 \u010dinnosti ve WELLNESS <\/u><\/strong><strong><u>CENTRU<\/u><\/strong><\/span><\/p>\r\n<p style=\"text-align: center;\"><span style=\"font-family: georgia, palatino, serif; font-size: 14pt;\">Chovat se zp\u016fsobem ohro\u017euj\u00edc\u00edm bezpe\u010dnost a po\u0159\u00e1dek.<br \/><\/span><span style=\"font-family: georgia, palatino, serif; font-size: 14pt;\">Vz\u00e1jemn\u011b se pot\u00e1p\u011bt.<br \/><\/span><span style=\"font-family: georgia, palatino, serif; font-size: 14pt;\">Volat o pomoc bez p\u0159\u00ed\u010diny.<br \/><\/span><span style=\"font-family: georgia, palatino, serif; font-size: 14pt;\">Ru\u0161it klid ostatn\u00edch n\u00e1v\u0161t\u011bvn\u00edk\u016f.<br \/><\/span><span style=\"font-family: georgia, palatino, serif; font-size: 14pt;\">Vstupovat do saun v\u00a0plavk\u00e1ch a bez such\u00e9 a \u010dist\u00e9 plachty ur\u010den\u00e9 k\u00a0saunov\u00e1n\u00ed.<br \/><\/span><span style=\"font-family: georgia, palatino, serif; font-size: 14pt;\">Pou\u017eit\u00ed wellness v\u00a0dob\u011b mimo provoz nen\u00ed p\u0159\u00edpustn\u00e9 z bezpe\u010dnostn\u00edch d\u016fvod\u016f.<br \/><\/span><\/p>\r\n<p style=\"text-align: center;\"><span style=\"font-family: georgia, palatino, serif; font-size: 14pt;\">Zne\u010di\u0161\u0165ovat vodu a ostatn\u00ed prostory wellness zejm\u00e9na mo\u010den\u00edm, pliv\u00e1n\u00edm a vyplachov\u00e1n\u00edm si nosu \u010di pusy ve vod\u011b, <br \/>odhazov\u00e1n\u00edm odpadk\u016f a pou\u017e\u00edv\u00e1n\u00edm m\u00fddla a dal\u0161\u00edch hygienick\u00fdch pom\u016fcek mimo ur\u010den\u00e1 <br \/>m\u00edsta <strong>(pro \u0159\u00e1dn\u00e9 omyt\u00ed t\u011bla pomoc\u00ed m\u00fddla slou\u017e\u00ed sprcha).<br \/><\/strong><\/span><\/p>\r\n<p style=\"text-align: center;\"><span style=\"font-family: georgia, palatino, serif; font-size: 14pt;\">Alkohol je p\u0159\u00edpustn\u00fd pouze v mal\u00e9m mno\u017estv\u00ed.<br \/><\/span><span style=\"font-family: georgia, palatino, serif; font-size: 14pt;\">Konzumace jak\u00e9hokoliv j\u00eddla je mo\u017en\u00e1 pouze mimo v\u00ed\u0159ivku a saunu. <br \/>Je povolena v\u00fdhradn\u011b konzumace j\u00eddla a n\u00e1poj\u016f zakoupen\u00fdch v\u00a0na\u0161em wellness. <br \/>Konzumace vlastn\u00edch potravin a n\u00e1poj\u016f nen\u00ed dovolena.<\/span><\/p>\r\n<p style=\"text-align: center;\"><span style=\"font-family: georgia, palatino, serif; font-size: 14pt;\"><strong>V cel\u00e9m objektu i p\u0159ed n\u00edm plat\u00ed p\u0159\u00edsn\u00fd z\u00e1kaz kou\u0159en\u00ed. <\/strong><\/span><\/p>\r\n<p style=\"text-align: center;\"><span style=\"font-family: georgia, palatino, serif; font-size: 14pt;\">Vstupovat do prostoru wellness se \u017ev\u00fdka\u010dkou.<br \/><\/span><\/p>\r\n<p style=\"text-align: center;\"><span style=\"font-family: georgia, palatino, serif; font-size: 14pt;\">Vstup do v\u00ed\u0159ivky a do saun je povolen pouze bosou nohou. <br \/>Jak\u00e1koliv obuv v t\u011bchto prostor\u00e1ch je zak\u00e1z\u00e1na. V\u00a0ostatn\u00edch prostor\u00e1ch wellness centra <br \/>je mo\u017eno se pohybovat bosou nohou \u010di v\u00a0p\u0159ez\u016fvk\u00e1ch.<br \/><\/span><\/p>\r\n<p style=\"text-align: center;\"><span style=\"font-family: georgia, palatino, serif; font-size: 14pt;\">Vodit do wellness psy nebo jin\u00e1 zv\u00ed\u0159ata.<br \/><\/span><span style=\"font-family: georgia, palatino, serif; font-size: 14pt;\">Pou\u017e\u00edvat jak\u00e9koliv hol\u00edc\u00ed p\u0159\u00edstroje.<\/span><\/p>\r\n<p>&nbsp;<\/p>\r\n<p style=\"text-align: center;\"><span style=\"font-family: georgia, palatino, serif; font-size: 14pt; color: #844a37;\"><strong><u>Vylou\u010den\u00ed z n\u00e1v\u0161t\u011bvy WELLNESS CENTRA<\/u><\/strong><\/span><\/p>\r\n<p style=\"text-align: center;\"><span style=\"font-family: georgia, palatino, serif; font-size: 14pt;\"><strong>Z prostor wellness bude bez n\u00e1roku na vr\u00e1cen\u00ed vstupn\u00e9ho vyk\u00e1z\u00e1n n\u00e1v\u0161t\u011bvn\u00edk, kter\u00fd p\u0159es napomenut\u00ed <br \/>nebude dodr\u017eovat ustanoven\u00ed tohoto n\u00e1v\u0161t\u011bvn\u00edho \u0159\u00e1du, neuposlechne pokyn\u016f odpov\u011bdn\u00fdch <br \/>pracovn\u00edk\u016f nebo se bude chovat jin\u00fdm nevhodn\u00fdm zp\u016fsobem.<\/strong><\/span><\/p>\r\n<p style=\"text-align: center;\"><span style=\"font-family: georgia, palatino, serif; font-size: 14pt;\"><strong>Neopust\u00ed-li n\u00e1v\u0161t\u011bvn\u00edk v takov\u00fdch p\u0159\u00edpadech wellness na vyzv\u00e1n\u00ed, m\u016f\u017ee odpov\u011bdn\u00fd pracovn\u00edk <br \/>po\u017e\u00e1dat o zakro\u010den\u00ed p\u0159\u00edmo M\u011bstskou policii a Policii \u010cR.<\/strong><\/span><\/p>\r\n<p>&nbsp;<\/p>\r\n<p style=\"text-align: center;\"><span style=\"font-family: georgia, palatino, serif; font-size: 14pt; color: #844a37;\"><strong><u>Z\u00e1v\u011bre\u010dn\u00e1 ustanoven\u00ed<\/u><\/strong><\/span><\/p>\r\n<p style=\"text-align: center;\"><span style=\"font-family: georgia, palatino, serif; font-size: 14pt;\">Provoz wellness centra je pouze na objedn\u00e1vku (telefonicky, emailem) pro uzav\u0159en\u00e9 skupiny osob. <br \/>Bez objedn\u00e1n\u00ed se n\u00e1v\u0161t\u011bvn\u00edk nem\u016f\u017ee dom\u00e1hat vyu\u017eit\u00ed wellness centra.<\/span><\/p>\r\n<p style=\"text-align: center;\"><span style=\"font-family: georgia, palatino, serif; font-size: 14pt;\"><strong>Platit je mo\u017eno hotovost\u00ed v K\u010d nebo platebn\u00ed kartou.<\/strong><\/span><\/p>\r\n<p style=\"text-align: center;\"><span style=\"font-family: georgia, palatino, serif; font-size: 14pt;\">Zakoupen\u00edm <strong>d\u00e1rkov\u00e9ho poukazu<\/strong> m\u016f\u017eete ud\u011blat radost sv\u00fdm bl\u00edzk\u00fdm \u010di p\u0159\u00e1tel\u016fm!<\/span><\/p>\r\n<p class=\"has-medium-font-size\" style=\"text-align: center;\"><span style=\"font-family: georgia, palatino, serif;\">\r\n\r\n<\/span><span style=\"font-size: 24pt;\"><span style=\"font-family: georgia, palatino, serif; color: #844a37;\">T\u011b\u0161\u00edme se na v\u00e1s!<\/span><\/span><\/p>\r\n","protected":false},"excerpt":{"rendered":"<p>N\u00c1V\u0160T\u011aVN\u00cd \u0158\u00c1Dwellness centra \u2013 WELLMA spa s.r.o. Tento n\u00e1v\u0161t\u011bvn\u00ed \u0159\u00e1d slou\u017e\u00ed k dodr\u017eov\u00e1n\u00ed platn\u00fdch p\u0159edpis\u016f, ochran\u011b zdrav\u00ed a bezpe\u010dnosti n\u00e1v\u0161t\u011bvn\u00edk\u016f WELLNESS CENTRA a mus\u00ed b\u00fdt n\u00e1v\u0161t\u011bvn\u00edky bezpodm\u00edne\u010dn\u011b dodr\u017eov\u00e1n. Vstup do wellness je ur\u010den v\u00fdhradn\u011b za \u00fa\u010delem relaxace.\u00a0 Maxim\u00e1ln\u011b pro 4 osoby sou\u010dasn\u011b. N\u00e1v\u0161t\u011bvn\u00edk m\u00e1 umo\u017en\u011bn vstup do WELLNESS CENTRA v\u00a0provozn\u00ed dob\u011b dle objedn\u00e1vky. Vstupem do &hellip; <\/p>\n<p class=\"link-more\"><a href=\"https:\/\/www.wellma.cz\/?page_id=112\" class=\"more-link\">Pokra\u010dovat ve \u010dten\u00ed<span class=\"screen-reader-text\"> &#8222;N\u00c1V\u0160T\u011aVN\u00cd \u0158\u00c1D&#8220;<\/span><\/a><\/p>\n","protected":false},"author":1,"featured_media":0,"parent":0,"menu_order":0,"comment_status":"closed","ping_status":"closed","template":"bt-no-sidebar-boxed.php","meta":{"footnotes":""},"class_list":["post-112","page","type-page","status-publish","hentry"],"_links":{"self":[{"href":"https:\/\/www.wellma.cz\/index.php?rest_route=\/wp\/v2\/pages\/112","targetHints":{"allow":["GET"]}}],"collection":[{"href":"https:\/\/www.wellma.cz\/index.php?rest_route=\/wp\/v2\/pages"}],"about":[{"href":"https:\/\/www.wellma.cz\/index.php?rest_route=\/wp\/v2\/types\/page"}],"author":[{"embeddable":true,"href":"https:\/\/www.wellma.cz\/index.php?rest_route=\/wp\/v2\/users\/1"}],"replies":[{"embeddable":true,"href":"https:\/\/www.wellma.cz\/index.php?rest_route=%2Fwp%2Fv2%2Fcomments&post=112"}],"version-history":[{"count":71,"href":"https:\/\/www.wellma.cz\/index.php?rest_route=\/wp\/v2\/pages\/112\/revisions"}],"predecessor-version":[{"id":750,"href":"https:\/\/www.wellma.cz\/index.php?rest_route=\/wp\/v2\/pages\/112\/revisions\/750"}],"wp:attachment":[{"href":"https:\/\/www.wellma.cz\/index.php?rest_route=%2Fwp%2Fv2%2Fmedia&parent=112"}],"curies":[{"name":"wp","href":"https:\/\/api.w.org\/{rel}","templated":true}]}}