{"id":109,"date":"2019-04-26T16:50:04","date_gmt":"2019-04-26T16:50:04","guid":{"rendered":"http:\/\/www.wellma.cz\/?page_id=109"},"modified":"2023-07-06T12:12:09","modified_gmt":"2023-07-06T12:12:09","slug":"kontakt","status":"publish","type":"page","link":"https:\/\/www.wellma.cz\/?page_id=109","title":{"rendered":"KONTAKT"},"content":{"rendered":"<div id=\"pl-109\" class=\"panel-layout\">\n<div id=\"pg-109-0\" class=\"panel-grid panel-no-style\" data-style=\"{&quot;background_image_attachment&quot;:false,&quot;background_display&quot;:&quot;tile&quot;,&quot;cell_alignment&quot;:&quot;flex-start&quot;}\">\n<div id=\"pgc-109-0-0\" class=\"panel-grid-cell\" data-weight=\"1\">\n<div id=\"panel-109-0-0-0\" class=\"so-panel widget widget_sow-editor panel-first-child panel-last-child\" data-index=\"0\" data-style=\"{&quot;background_image_attachment&quot;:false,&quot;background_display&quot;:&quot;tile&quot;}\">\n<div class=\"so-widget-sow-editor so-widget-sow-editor-base\">\n<div class=\"siteorigin-widget-tinymce textwidget\">\n<h1 style=\"text-align: center;\"><span style=\"font-family: georgia, palatino, serif; color: #844a37; font-size: 24pt;\"><br \/>\nWELLMA spa s.r.o.<\/span><\/h1>\n<p style=\"text-shadow: black 0px 0px; text-align: center;\"><span style=\"font-size: 14pt; font-family: georgia, palatino, serif;\">Svat. \u010cecha 210<\/span><br \/>\n<span style=\"font-size: 14pt; font-family: georgia, palatino, serif;\">760 01 Zl\u00edn<\/span><br \/>\n<span style=\"font-size: 14pt; font-family: georgia, palatino, serif;\">Tel.: 734 256 766<\/span><br \/>\n<span style=\"font-size: 14pt; font-family: georgia, palatino, serif;\">wellma@wellma.cz<\/span><br \/>\n<span style=\"font-size: 14pt; font-family: georgia, palatino, serif;\">www.wellma.cz<br \/>\nI\u010c: 05539170<br \/>\nDI\u010c: CZ05539170<\/span><\/p>\n<p style=\"text-align: center;\"><strong><span style=\"color: #844a37; font-size: 14pt; font-family: georgia, palatino, serif;\"><span style=\"color: #000000;\">Vstup do na\u0161eho priv\u00e1tn\u00edho wellness je jen na objedn\u00e1n\u00ed!<\/span><br \/>\n<\/span><\/strong><span style=\"font-size: 14pt; font-family: georgia, palatino, serif;\">Objedn\u00e1vky p\u0159ij\u00edm\u00e1me telefonicky nebo mailem.<\/span><\/p>\n<\/div>\n<p style=\"text-align: center;\"><strong><span style=\"color: #844a37; font-size: 14pt; font-family: georgia, palatino, serif;\"><span style=\"color: #000000;\">Otev\u00edrac\u00ed doba:<\/span><br \/>\n<\/span><\/strong><span style=\"font-size: 14pt; font-family: georgia, palatino, serif;\">10 &#8211; 22 hodin<\/span><\/p>\n<div class=\"siteorigin-widget-tinymce textwidget\">\n<p>&nbsp;<\/p>\n<p style=\"text-align: center;\"><span style=\"font-family: georgia, palatino, serif; font-size: 14pt;\">Zde n\u00e1s najdete:<\/span><\/p>\n<p><a href=\"http:\/\/www.wellma.cz\/wp-content\/uploads\/2019\/04\/Mapa-Podho\u0159\u00ed.jpg\"><img loading=\"lazy\" decoding=\"async\" class=\"aligncenter wp-image-189\" src=\"http:\/\/www.wellma.cz\/wp-content\/uploads\/2019\/04\/Mapa-Podho\u0159\u00ed-300x149.jpg\" alt=\"\" width=\"618\" height=\"307\" srcset=\"https:\/\/www.wellma.cz\/wp-content\/uploads\/2019\/04\/Mapa-Podho\u0159\u00ed-300x149.jpg 300w, https:\/\/www.wellma.cz\/wp-content\/uploads\/2019\/04\/Mapa-Podho\u0159\u00ed-768x382.jpg 768w, https:\/\/www.wellma.cz\/wp-content\/uploads\/2019\/04\/Mapa-Podho\u0159\u00ed-1024x509.jpg 1024w, https:\/\/www.wellma.cz\/wp-content\/uploads\/2019\/04\/Mapa-Podho\u0159\u00ed.jpg 1087w\" sizes=\"auto, (max-width: 618px) 100vw, 618px\" \/><\/a><\/p>\n<p style=\"text-align: center;\">\n<\/div>\n<\/div>\n<\/div>\n<\/div>\n<\/div>\n<\/div>\n","protected":false},"excerpt":{"rendered":"<p>WELLMA spa s.r.o. Svat. \u010cecha 210 760 01 Zl\u00edn Tel.: 734 256 766 wellma@wellma.cz www.wellma.cz I\u010c: 05539170 DI\u010c: CZ05539170 Vstup do na\u0161eho priv\u00e1tn\u00edho wellness je jen na objedn\u00e1n\u00ed! Objedn\u00e1vky p\u0159ij\u00edm\u00e1me telefonicky nebo mailem. Otev\u00edrac\u00ed doba: 10 &#8211; 22 hodin &nbsp; Zde n\u00e1s najdete:<\/p>\n","protected":false},"author":1,"featured_media":0,"parent":0,"menu_order":0,"comment_status":"closed","ping_status":"closed","template":"bt-no-sidebar-boxed.php","meta":{"footnotes":""},"class_list":["post-109","page","type-page","status-publish","hentry"],"_links":{"self":[{"href":"https:\/\/www.wellma.cz\/index.php?rest_route=\/wp\/v2\/pages\/109","targetHints":{"allow":["GET"]}}],"collection":[{"href":"https:\/\/www.wellma.cz\/index.php?rest_route=\/wp\/v2\/pages"}],"about":[{"href":"https:\/\/www.wellma.cz\/index.php?rest_route=\/wp\/v2\/types\/page"}],"author":[{"embeddable":true,"href":"https:\/\/www.wellma.cz\/index.php?rest_route=\/wp\/v2\/users\/1"}],"replies":[{"embeddable":true,"href":"https:\/\/www.wellma.cz\/index.php?rest_route=%2Fwp%2Fv2%2Fcomments&post=109"}],"version-history":[{"count":35,"href":"https:\/\/www.wellma.cz\/index.php?rest_route=\/wp\/v2\/pages\/109\/revisions"}],"predecessor-version":[{"id":1151,"href":"https:\/\/www.wellma.cz\/index.php?rest_route=\/wp\/v2\/pages\/109\/revisions\/1151"}],"wp:attachment":[{"href":"https:\/\/www.wellma.cz\/index.php?rest_route=%2Fwp%2Fv2%2Fmedia&parent=109"}],"curies":[{"name":"wp","href":"https:\/\/api.w.org\/{rel}","templated":true}]}}